{"id":508,"date":"2025-11-08T20:21:34","date_gmt":"2025-11-08T19:21:34","guid":{"rendered":"https:\/\/www.iameseriesgermany.de\/actualites\/"},"modified":"2026-02-20T14:59:57","modified_gmt":"2026-02-20T13:59:57","slug":"actualites","status":"publish","type":"page","link":"https:\/\/www.iameseriesgermany.de\/fr\/actualites\/","title":{"rendered":"Actualit\u00e9s"},"content":{"rendered":"<section class=\"l-section wpb_row height_large color_primary with_img\"><div class=\"l-section-img\" role=\"img\" aria-label=\"Image\" data-img-width=\"1024\" data-img-height=\"683\" style=\"background-image: url(https:\/\/www.iameseriesgermany.de\/wp-content\/uploads\/2025\/11\/250921_DKM_WACKERSDORF_KPA3958_DXO-scaled-e1763755993589.jpg);\"><\/div><div class=\"l-section-overlay\" style=\"background:var(--color-alt-content-overlay)\"><\/div><div class=\"l-section-h i-cf\"><div class=\"g-cols vc_row via_flex valign_top type_default stacking_default\"><div class=\"vc_col-sm-12 wpb_column vc_column_container\"><div class=\"vc_column-inner\"><div class=\"wpb_wrapper\"><h1 class=\"w-text\"><span class=\"w-text-h\"><span class=\"w-text-value\">Actualit\u00e9s &amp; Nouveaut\u00e9s<\/span><\/span><\/h1><\/div><\/div><\/div><\/div><\/div><\/section><section class=\"l-section wpb_row height_medium\"><div class=\"l-section-h i-cf\"><div class=\"g-cols vc_row via_flex valign_top type_default stacking_default\"><div class=\"vc_col-sm-12 wpb_column vc_column_container\"><div class=\"vc_column-inner\"><div class=\"wpb_wrapper\"><div class=\"w-grid us_post_list type_grid layout_143 news-border cols_3 preload_style_spinner\" id=\"us_post_list_z1c0\" style=\"--columns:3;--gap:1.5rem;\"><style>@media (max-width:980px){#us_post_list_z1c0{--columns:2!important}}@media (max-width:585px){#us_post_list_z1c0{--columns:1!important}}.layout_143 .w-grid-item-h{background:var(--color-content-link);color:var(--color-content-bg)}.layout_143 .usg_post_image_1{margin-bottom:1rem!important}.layout_143 .usg_post_title_1{color:var(--color-content-border)!important;font-size:1.4rem!important;font-weight:700!important;margin-bottom:0.5rem!important;padding-left:1rem!important;padding-right:1rem!important}.layout_143 .usg_hwrapper_1{color:var(--color-content-bg)!important;font-size:0.9rem!important;padding-left:1rem!important;padding-right:1rem!important}.layout_143 .usg_post_content_1{max-width:600px!important;margin-top:0.5rem!important;padding-left:1rem!important;padding-bottom:1rem!important;padding-right:1rem!important}<\/style><div class=\"w-grid-list\">\t<article class=\"w-grid-item size_1x1 post-1825 post type-post status-publish format-standard has-post-thumbnail hentry category-non-categorise\" data-id=\"1825\">\r\n\t\t<div class=\"w-grid-item-h\">\r\n\t\t\t\t\t\t\t<a href=\"https:\/\/www.iameseriesgermany.de\/fr\/iame-mini-swift-en-tant-que-serie-promotionnelle\/\" class=\"w-grid-item-anchor\" aria-label=\"IAME Mini SWIFT en tant que s\u00e9rie promotionnelle\"><\/a>\r\n\t\t\t\t\t\t<div class=\"w-post-elm post_image usg_post_image_1 has_ratio\"><img loading=\"lazy\" decoding=\"async\" width=\"650\" height=\"433\" src=\"https:\/\/www.iameseriesgermany.de\/wp-content\/uploads\/2025\/12\/ct_650x433_f43a-210918_oakc_muelsen_kpa0304.jpg\" class=\"attachment-large size-large wp-post-image\" alt=\"Moteur de kart IAME\" \/><div style=\"padding-bottom:75%\"><\/div><\/div><h2 class=\"w-post-elm post_title usg_post_title_1 has_text_color entry-title color_link_inherit\">IAME Mini SWIFT en tant que s\u00e9rie promotionnelle<\/h2><div class=\"w-hwrapper usg_hwrapper_1 has_text_color align_none valign_top wrap\"><time class=\"w-post-elm post_date usg_post_date_1 entry-date published\" datetime=\"2026-05-06T11:15:49+02:00\" title=\"6 mai 2026 \u00e0 11:15:49 Europe\/Berlin\">il y a 3 jours<\/time><\/div><div class=\"w-post-elm post_content usg_post_content_1\">L\u2019IAME Mini Swift devient la classe promotionnelle de l\u2019IAME Series Germany Le d\u00e9but de saison de l\u2019IAME Series Germany approche et les pr\u00e9paratifs battent leur plein, et le concept de\u2026<\/div>\t\t<\/div>\r\n\t\t\t<\/article>\r\n\t<article class=\"w-grid-item size_1x1 post-1674 post type-post status-publish format-standard has-post-thumbnail hentry category-non-categorise\" data-id=\"1674\">\r\n\t\t<div class=\"w-grid-item-h\">\r\n\t\t\t\t\t\t\t<a href=\"https:\/\/www.iameseriesgermany.de\/fr\/nouveautes-concernant-le-concept-de-liame-series-germany\/\" class=\"w-grid-item-anchor\" aria-label=\"Nouveaut\u00e9s concernant le concept de l&rsquo;IAME Series Germany\"><\/a>\r\n\t\t\t\t\t\t<div class=\"w-post-elm post_image usg_post_image_1 has_ratio\"><img loading=\"lazy\" decoding=\"async\" width=\"650\" height=\"433\" src=\"https:\/\/www.iameseriesgermany.de\/wp-content\/uploads\/2026\/04\/ct_650x433_ac6e-250816_dkm_kerpen_kpa0729.jpg\" class=\"attachment-large size-large wp-post-image\" alt=\"\" \/><div style=\"padding-bottom:75%\"><\/div><\/div><h2 class=\"w-post-elm post_title usg_post_title_1 has_text_color entry-title color_link_inherit\">Nouveaut\u00e9s concernant le concept de l&rsquo;IAME Series Germany<\/h2><div class=\"w-hwrapper usg_hwrapper_1 has_text_color align_none valign_top wrap\"><time class=\"w-post-elm post_date usg_post_date_1 entry-date published\" datetime=\"2026-04-12T10:50:48+02:00\" title=\"12 avril 2026 \u00e0 10:50:48 Europe\/Berlin\">il y a 4 semaines<\/time><\/div><div class=\"w-post-elm post_content usg_post_content_1\">La premi\u00e8re course de l&rsquo;IAME Series Germany 2026 \u00e0 Genk, en Belgique, a d\u00fb \u00eatre annul\u00e9e. Des le\u00e7ons en ont \u00e9t\u00e9 tir\u00e9es et l&rsquo;on tente d\u00e9sormais d&rsquo;attirer un public plus\u2026<\/div>\t\t<\/div>\r\n\t\t\t<\/article>\r\n\t<article class=\"w-grid-item size_1x1 post-1408 post type-post status-publish format-standard has-post-thumbnail hentry category-non-categorise\" data-id=\"1408\">\r\n\t\t<div class=\"w-grid-item-h\">\r\n\t\t\t\t\t\t\t<a href=\"https:\/\/www.iameseriesgermany.de\/fr\/iame-series-germany-decale-le-debut-de-saison\/\" class=\"w-grid-item-anchor\" aria-label=\"IAME Series Germany d\u00e9cale le d\u00e9but de saison\"><\/a>\r\n\t\t\t\t\t\t<div class=\"w-post-elm post_image usg_post_image_1 has_ratio\"><img loading=\"lazy\" decoding=\"async\" width=\"650\" height=\"433\" src=\"https:\/\/www.iameseriesgermany.de\/wp-content\/uploads\/2026\/04\/ct_650x433_74a8-250817_dkm_kerpen_kpa1783.jpg\" class=\"attachment-large size-large wp-post-image\" alt=\"\" \/><div style=\"padding-bottom:75%\"><\/div><\/div><h2 class=\"w-post-elm post_title usg_post_title_1 has_text_color entry-title color_link_inherit\">IAME Series Germany d\u00e9cale le d\u00e9but de saison<\/h2><div class=\"w-hwrapper usg_hwrapper_1 has_text_color align_none valign_top wrap\"><time class=\"w-post-elm post_date usg_post_date_1 entry-date published\" datetime=\"2026-04-01T15:58:15+02:00\" title=\"1 avril 2026 \u00e0 15:58:15 Europe\/Berlin\">il y a 1 mois<\/time><\/div><div class=\"w-post-elm post_content usg_post_content_1\">Initialement, l&rsquo;IAME Series Germany et la Shifter Series Germany devaient, le 11 et 12 avril 2026, d\u00e9buter leur saison. Nous avons maintenant \u00e9t\u00e9 contraints de reporter l&rsquo;ouverture. Voici le contexte.\u2026<\/div>\t\t<\/div>\r\n\t\t\t<\/article>\r\n\t<article class=\"w-grid-item size_1x1 post-577 post type-post status-publish format-standard has-post-thumbnail hentry category-non-categorise\" data-id=\"577\">\r\n\t\t<div class=\"w-grid-item-h\">\r\n\t\t\t\t\t\t\t<a href=\"https:\/\/www.iameseriesgermany.de\/fr\/le-retour-de-liame-mini-swift-en-allemagne\/\" class=\"w-grid-item-anchor\" aria-label=\"Le retour de l&rsquo;IAME Mini Swift en Allemagne\"><\/a>\r\n\t\t\t\t\t\t<div class=\"w-post-elm post_image usg_post_image_1 has_ratio\"><div class=\"w-post-slider-trigger\" style=\"width:50%; left:0%;\"><\/div><img loading=\"lazy\" decoding=\"async\" width=\"650\" height=\"433\" src=\"https:\/\/www.iameseriesgermany.de\/wp-content\/uploads\/2025\/12\/ct_650x433_f43a-210918_oakc_muelsen_kpa0304.jpg\" class=\"attachment-large size-large\" alt=\"Moteur de kart IAME\" \/><div class=\"w-post-slider-trigger\" style=\"width:50%; left:50%;\"><\/div><img loading=\"lazy\" decoding=\"async\" width=\"650\" height=\"433\" src=\"https:\/\/www.iameseriesgermany.de\/wp-content\/uploads\/2025\/12\/ct_650x433_f43a-210918_oakc_muelsen_kpa0304.jpg\" class=\"attachment-large size-large\" alt=\"IAME Kart Motor\" \/><div style=\"padding-bottom:75%\"><\/div><\/div><h2 class=\"w-post-elm post_title usg_post_title_1 has_text_color entry-title color_link_inherit\">Le retour de l&rsquo;IAME Mini Swift en Allemagne<\/h2><div class=\"w-hwrapper usg_hwrapper_1 has_text_color align_none valign_top wrap\"><time class=\"w-post-elm post_date usg_post_date_1 entry-date published\" datetime=\"2025-12-10T08:43:44+01:00\" title=\"10 d\u00e9cembre 2025 \u00e0 08:43:44 Europe\/Berlin\">il y a 5 mois<\/time><\/div><div class=\"w-post-elm post_content usg_post_content_1\">Dans le cadre de l&rsquo;IAME Series Germany, les plus jeunes participants et leurs parents peuvent s&rsquo;attendre \u00e0 une opportunit\u00e9 de se lancer dans ce nouvel environnement l&rsquo;ann\u00e9e prochaine. La s\u00e9rie\u2026<\/div>\t\t<\/div>\r\n\t\t\t<\/article>\r\n\t<article class=\"w-grid-item size_1x1 post-303 post type-post status-publish format-standard has-post-thumbnail hentry category-non-categorise\" data-id=\"303\">\r\n\t\t<div class=\"w-grid-item-h\">\r\n\t\t\t\t\t\t\t<a href=\"https:\/\/www.iameseriesgermany.de\/fr\/la-shifter-series-germany-rejoint-la-iame-series-germany\/\" class=\"w-grid-item-anchor\" aria-label=\"La Shifter Series Germany rejoint la IAME Series Germany\"><\/a>\r\n\t\t\t\t\t\t<div class=\"w-post-elm post_image usg_post_image_1 has_ratio\"><img loading=\"lazy\" decoding=\"async\" width=\"650\" height=\"433\" src=\"https:\/\/www.iameseriesgermany.de\/wp-content\/uploads\/2025\/11\/ct_650x433_293a-ms_cotf_franciacorta_08379_matteo_segato.jpg\" class=\"attachment-large size-large wp-post-image\" alt=\"\" \/><div style=\"padding-bottom:75%\"><\/div><\/div><h2 class=\"w-post-elm post_title usg_post_title_1 has_text_color entry-title color_link_inherit\">La Shifter Series Germany rejoint la IAME Series Germany<\/h2><div class=\"w-hwrapper usg_hwrapper_1 has_text_color align_none valign_top wrap\"><time class=\"w-post-elm post_date usg_post_date_1 entry-date published\" datetime=\"2025-11-29T13:34:45+01:00\" title=\"29 novembre 2025 \u00e0 13:34:45 Europe\/Berlin\">il y a 5 mois<\/time><\/div><div class=\"w-post-elm post_content usg_post_content_1\">Apr\u00e8s la pr\u00e9sentation la semaine derni\u00e8re du calendrier de la IAME Series Germany avec les courses de Genk, Kerpen, Wackersdorf, M\u00fclsen et Ampfing, des d\u00e9tails sont d\u00e9sormais disponibles concernant les\u2026<\/div>\t\t<\/div>\r\n\t\t\t<\/article>\r\n\t<article class=\"w-grid-item size_1x1 post-297 post type-post status-publish format-standard has-post-thumbnail hentry category-non-categorise\" data-id=\"297\">\r\n\t\t<div class=\"w-grid-item-h\">\r\n\t\t\t\t\t\t\t<a href=\"https:\/\/www.iameseriesgermany.de\/fr\/calendrier-de-haute-volee-pour-liame-series-germany-2026\/\" class=\"w-grid-item-anchor\" aria-label=\"Calendrier de haute vol\u00e9e pour l&rsquo;IAME Series Germany 2026\"><\/a>\r\n\t\t\t\t\t\t<div class=\"w-post-elm post_image usg_post_image_1 has_ratio\"><img loading=\"lazy\" decoding=\"async\" width=\"650\" height=\"433\" src=\"https:\/\/www.iameseriesgermany.de\/wp-content\/uploads\/2025\/11\/ct_650x433_0c05-250530_dkm_muelsen_kpa0687_dxo_3_.jpg\" class=\"attachment-large size-large wp-post-image\" alt=\"\" \/><div style=\"padding-bottom:75%\"><\/div><\/div><h2 class=\"w-post-elm post_title usg_post_title_1 has_text_color entry-title color_link_inherit\">Calendrier de haute vol\u00e9e pour l&rsquo;IAME Series Germany 2026<\/h2><div class=\"w-hwrapper usg_hwrapper_1 has_text_color align_none valign_top wrap\"><time class=\"w-post-elm post_date usg_post_date_1 entry-date published\" datetime=\"2025-11-22T15:17:35+01:00\" title=\"22 novembre 2025 \u00e0 15:17:35 Europe\/Berlin\">il y a 6 mois<\/time><\/div><div class=\"w-post-elm post_content usg_post_content_1\">L&rsquo;IAME Series Germany peut enfin pr\u00e9senter son calendrier pour la saison prochaine : une planification longue et compliqu\u00e9e a permis, malgr\u00e9 certaines difficult\u00e9s, d&rsquo;atteindre la qualit\u00e9 la plus \u00e9lev\u00e9e possible\u2026<\/div>\t\t<\/div>\r\n\t\t\t<\/article>\r\n\t<article class=\"w-grid-item size_1x1 post-390 post type-post status-publish format-standard has-post-thumbnail hentry category-non-categorise\" data-id=\"390\">\r\n\t\t<div class=\"w-grid-item-h\">\r\n\t\t\t\t\t\t\t<a href=\"https:\/\/www.iameseriesgermany.de\/fr\/iame-series-germany-presente-les-sponsors-de-la-saison-2026\/\" class=\"w-grid-item-anchor\" aria-label=\"IAME Series Germany pr\u00e9sente les sponsors de la saison 2026\"><\/a>\r\n\t\t\t\t\t\t<div class=\"w-post-elm post_image usg_post_image_1 has_ratio\"><img loading=\"lazy\" decoding=\"async\" width=\"650\" height=\"433\" src=\"https:\/\/www.iameseriesgermany.de\/wp-content\/uploads\/2025\/12\/ct_650x433_c09c-2.png\" class=\"attachment-large size-large wp-post-image\" alt=\"\" \/><div style=\"padding-bottom:75%\"><\/div><\/div><h2 class=\"w-post-elm post_title usg_post_title_1 has_text_color entry-title color_link_inherit\">IAME Series Germany pr\u00e9sente les sponsors de la saison 2026<\/h2><div class=\"w-hwrapper usg_hwrapper_1 has_text_color align_none valign_top wrap\"><time class=\"w-post-elm post_date usg_post_date_1 entry-date published\" datetime=\"2025-11-14T20:27:35+01:00\" title=\"14 novembre 2025 \u00e0 20:27:35 Europe\/Berlin\">il y a 6 mois<\/time><\/div><div class=\"w-post-elm post_content usg_post_content_1\">Apr\u00e8s avoir d\u00e9j\u00e0 pr\u00e9sent\u00e9 l&rsquo;organisateur Prespo et le prestataire de services RGMMC, avec lesquels l&rsquo;IAME Series Germany s&rsquo;associera en 2026, les sponsors de la s\u00e9rie peuvent d\u00e9sormais \u00eatre annonc\u00e9s. Deux\u2026<\/div>\t\t<\/div>\r\n\t\t\t<\/article>\r\n\t<article class=\"w-grid-item size_1x1 post-398 post type-post status-publish format-standard has-post-thumbnail hentry category-non-categorise\" data-id=\"398\">\r\n\t\t<div class=\"w-grid-item-h\">\r\n\t\t\t\t\t\t\t<a href=\"https:\/\/www.iameseriesgermany.de\/fr\/iame-series-germany-presente-ses-premiers-partenaires-pour-2026\/\" class=\"w-grid-item-anchor\" aria-label=\"IAME Series Germany pr\u00e9sente ses premiers partenaires pour 2026\"><\/a>\r\n\t\t\t\t\t\t<div class=\"w-post-elm post_image usg_post_image_1 has_ratio\"><img loading=\"lazy\" decoding=\"async\" width=\"650\" height=\"433\" src=\"https:\/\/www.iameseriesgermany.de\/wp-content\/uploads\/2025\/11\/ct_650x433_2f51-250627_iame_euroseries_kpa0003_dxo.jpg\" class=\"attachment-large size-large wp-post-image\" alt=\"\" \/><div style=\"padding-bottom:75%\"><\/div><\/div><h2 class=\"w-post-elm post_title usg_post_title_1 has_text_color entry-title color_link_inherit\">IAME Series Germany pr\u00e9sente ses premiers partenaires pour 2026<\/h2><div class=\"w-hwrapper usg_hwrapper_1 has_text_color align_none valign_top wrap\"><time class=\"w-post-elm post_date usg_post_date_1 entry-date published\" datetime=\"2025-11-07T20:20:10+01:00\" title=\"7 novembre 2025 \u00e0 20:20:10 Europe\/Berlin\">il y a 6 mois<\/time><\/div><div class=\"w-post-elm post_content usg_post_content_1\">La planification de l&rsquo;IAME Series Germany 2026 bat son plein. Outre la plus haute distinction allemande pour les IAME X30 Juniors et X30 Seniors, les plans pour les cat\u00e9gories de\u2026<\/div>\t\t<\/div>\r\n\t\t\t<\/article>\r\n\t<article class=\"w-grid-item size_1x1 post-333 post type-post status-publish format-standard has-post-thumbnail hentry category-non-categorise\" data-id=\"333\">\r\n\t\t<div class=\"w-grid-item-h\">\r\n\t\t\t\t\t\t\t<a href=\"https:\/\/www.iameseriesgermany.de\/fr\/iame-series-germany-prendra-son-propre-chemin-en-2026\/\" class=\"w-grid-item-anchor\" aria-label=\"IAME Series Germany prendra son propre chemin en 2026\"><\/a>\r\n\t\t\t\t\t\t<div class=\"w-post-elm post_image usg_post_image_1 has_ratio\"><img loading=\"lazy\" decoding=\"async\" width=\"650\" height=\"433\" src=\"https:\/\/www.iameseriesgermany.de\/wp-content\/uploads\/2025\/12\/ct_650x433_5a14-240614_dkm_wackersdorf_kpa0040_dxo.jpg\" class=\"attachment-large size-large wp-post-image\" alt=\"\" \/><div style=\"padding-bottom:75%\"><\/div><\/div><h2 class=\"w-post-elm post_title usg_post_title_1 has_text_color entry-title color_link_inherit\">IAME Series Germany prendra son propre chemin en 2026<\/h2><div class=\"w-hwrapper usg_hwrapper_1 has_text_color align_none valign_top wrap\"><time class=\"w-post-elm post_date usg_post_date_1 entry-date published\" datetime=\"2025-08-13T20:29:33+02:00\" title=\"13 ao\u00fbt 2025 \u00e0 20:29:33 Europe\/Berlin\">il y a 9 mois<\/time><\/div><div class=\"w-post-elm post_content usg_post_content_1\">Une \u00e9volution majeure se profile dans le karting allemand en 2026 : \u00e0 partir de la saison prochaine, l&rsquo;IAME Series Germany passera du statut de s\u00e9rie de soutien \u00e0 celui\u2026<\/div>\t\t<\/div>\r\n\t\t\t<\/article>\r\n<\/div><div class=\"g-loadmore hidden\"><div class=\"g-preloader type_1\"><div><\/div><\/div><\/div><div class=\"w-grid-list-json hidden\" onclick='return {&quot;max_num_pages&quot;:0,&quot;paginationBase&quot;:&quot;page&quot;,&quot;pagination&quot;:&quot;none&quot;,&quot;paged&quot;:1,&quot;ajaxData&quot;:{&quot;action&quot;:&quot;us_ajax_post_list&quot;,&quot;meta_type&quot;:&quot;post&quot;,&quot;object_id&quot;:0,&quot;template_vars&quot;:{&quot;shortcode_base&quot;:&quot;us_post_list&quot;,&quot;paged&quot;:1,&quot;max_num_pages&quot;:0,&quot;no_results&quot;:false,&quot;us_post_content_design_css&quot;:[],&quot;found_posts&quot;:0,&quot;per_page&quot;:999,&quot;items_count&quot;:9,&quot;orderby_random_seed&quot;:null,&quot;source&quot;:&quot;all&quot;,&quot;custom_field_name&quot;:&quot;&quot;,&quot;ids&quot;:&quot;&quot;,&quot;post_type&quot;:&quot;post&quot;,&quot;attachment_ids&quot;:null,&quot;include_post_thumbnail&quot;:0,&quot;post_author&quot;:&quot;any&quot;,&quot;post_author_ids&quot;:&quot;&quot;,&quot;apply_url_params&quot;:0,&quot;ignore_sticky_posts&quot;:1,&quot;exclude_children&quot;:0,&quot;exclude_current_post&quot;:1,&quot;exclude_prev_posts&quot;:0,&quot;exclude_past_events&quot;:0,&quot;enable_items_offset&quot;:0,&quot;items_offset&quot;:&quot;1&quot;,&quot;tax_query_relation&quot;:&quot;none&quot;,&quot;tax_query&quot;:[{&quot;operator&quot;:&quot;IN&quot;,&quot;taxonomy&quot;:&quot;category&quot;,&quot;terms&quot;:&quot;&quot;,&quot;include_children&quot;:0}],&quot;meta_query_relation&quot;:&quot;none&quot;,&quot;meta_query&quot;:[{&quot;key&quot;:&quot;custom_field_name&quot;,&quot;compare&quot;:&quot;=&quot;,&quot;value&quot;:&quot;&quot;}],&quot;orderby&quot;:&quot;date&quot;,&quot;orderby_custom_field&quot;:&quot;&quot;,&quot;orderby_custom_type&quot;:0,&quot;order_invert&quot;:&quot;1&quot;,&quot;show_all&quot;:&quot;1&quot;,&quot;quantity&quot;:&quot;12&quot;,&quot;posts_per_archive_page&quot;:0,&quot;no_items_action&quot;:&quot;message&quot;,&quot;no_items_message&quot;:&quot;Aucun r\\u00e9sultat.&quot;,&quot;no_items_page_block&quot;:&quot;&quot;,&quot;pagination&quot;:&quot;none&quot;,&quot;pagination_style&quot;:&quot;&quot;,&quot;pagination_btn_text&quot;:&quot;Load More&quot;,&quot;pagination_btn_size&quot;:&quot;&quot;,&quot;pagination_btn_style&quot;:&quot;1&quot;,&quot;pagination_btn_fullwidth&quot;:0,&quot;items_layout&quot;:&quot;143&quot;,&quot;type&quot;:&quot;grid&quot;,&quot;items_valign&quot;:0,&quot;ignore_items_size&quot;:0,&quot;columns&quot;:&quot;3&quot;,&quot;items_gap&quot;:&quot;1.5rem&quot;,&quot;load_animation&quot;:&quot;none&quot;,&quot;items_preload_style&quot;:&quot;spinner&quot;,&quot;img_size&quot;:&quot;default&quot;,&quot;title_size&quot;:&quot;&quot;,&quot;items_ratio&quot;:&quot;default&quot;,&quot;items_ratio_width&quot;:&quot;21&quot;,&quot;items_ratio_height&quot;:&quot;9&quot;,&quot;overriding_link&quot;:&quot;%7B%22type%22%3A%22post%22%7D&quot;,&quot;popup_page_template&quot;:&quot;0&quot;,&quot;popup_width&quot;:&quot;&quot;,&quot;popup_arrows&quot;:1,&quot;breakpoint_1_width&quot;:&quot;1281px&quot;,&quot;breakpoint_1_cols&quot;:&quot;default&quot;,&quot;breakpoint_1_quantity&quot;:&quot;&quot;,&quot;breakpoint_1_gap&quot;:&quot;&quot;,&quot;breakpoint_2_width&quot;:&quot;981px&quot;,&quot;breakpoint_2_cols&quot;:&quot;2&quot;,&quot;breakpoint_2_quantity&quot;:&quot;&quot;,&quot;breakpoint_2_gap&quot;:&quot;&quot;,&quot;breakpoint_3_width&quot;:&quot;586px&quot;,&quot;breakpoint_3_cols&quot;:&quot;1&quot;,&quot;breakpoint_3_quantity&quot;:&quot;&quot;,&quot;breakpoint_3_gap&quot;:&quot;&quot;,&quot;conditions_operator&quot;:&quot;always&quot;,&quot;conditions&quot;:[],&quot;css&quot;:null,&quot;el_class&quot;:&quot;&quot;,&quot;el_id&quot;:&quot;&quot;,&quot;enable_custom_html_atts&quot;:0,&quot;custom_html_atts&quot;:null,&quot;hide_on_states&quot;:&quot;&quot;,&quot;hide_for_sticky&quot;:0,&quot;hide_for_not_sticky&quot;:0,&quot;hide_below&quot;:&quot;0px&quot;,&quot;hide_above&quot;:&quot;0px&quot;,&quot;classes&quot;:&quot;&quot;},&quot;found_posts&quot;:0,&quot;per_page&quot;:999},&quot;facetedFilter&quot;:[]}'><\/div><\/div><\/div><\/div><\/div><\/div><\/div><\/section>\n","protected":false},"excerpt":{"rendered":"Une \u00e9volution majeure se profile dans le karting allemand en 2026 : \u00e0 partir de la saison prochaine, l'IAME Series Germany passera du statut de s\u00e9rie de soutien \u00e0 celui de championnat organis\u00e9 de mani\u00e8re ind\u00e9pendante. Apr\u00e8s de nombreuses rumeurs ces derni\u00e8res semaines, un plan concret peut d\u00e9sormais \u00eatre annonc\u00e9. Les principaux objectifs sont la...","protected":false},"author":1,"featured_media":0,"parent":0,"menu_order":0,"comment_status":"closed","ping_status":"closed","template":"","meta":{"_acf_changed":false,"footnotes":""},"class_list":["post-508","page","type-page","status-publish","hentry"],"acf":[],"_links":{"self":[{"href":"https:\/\/www.iameseriesgermany.de\/fr\/wp-json\/wp\/v2\/pages\/508","targetHints":{"allow":["GET"]}}],"collection":[{"href":"https:\/\/www.iameseriesgermany.de\/fr\/wp-json\/wp\/v2\/pages"}],"about":[{"href":"https:\/\/www.iameseriesgermany.de\/fr\/wp-json\/wp\/v2\/types\/page"}],"author":[{"embeddable":true,"href":"https:\/\/www.iameseriesgermany.de\/fr\/wp-json\/wp\/v2\/users\/1"}],"replies":[{"embeddable":true,"href":"https:\/\/www.iameseriesgermany.de\/fr\/wp-json\/wp\/v2\/comments?post=508"}],"version-history":[{"count":4,"href":"https:\/\/www.iameseriesgermany.de\/fr\/wp-json\/wp\/v2\/pages\/508\/revisions"}],"predecessor-version":[{"id":1336,"href":"https:\/\/www.iameseriesgermany.de\/fr\/wp-json\/wp\/v2\/pages\/508\/revisions\/1336"}],"wp:attachment":[{"href":"https:\/\/www.iameseriesgermany.de\/fr\/wp-json\/wp\/v2\/media?parent=508"}],"curies":[{"name":"wp","href":"https:\/\/api.w.org\/{rel}","templated":true}]}}